{"id":442,"date":"2022-09-20T11:48:54","date_gmt":"2022-09-20T11:48:54","guid":{"rendered":"https:\/\/ezzyenglish.com\/?page_id=442"},"modified":"2022-12-23T12:43:25","modified_gmt":"2022-12-23T12:43:25","slug":"about","status":"publish","type":"page","link":"https:\/\/ezzyenglish.com\/pt\/about\/","title":{"rendered":"About Us"},"content":{"rendered":"<div data-elementor-type=\"wp-page\" data-elementor-id=\"442\" class=\"elementor elementor-442\">\n\t\t\t\t\t\t\t\t\t<section class=\"elementor-section elementor-top-section elementor-element elementor-element-1ca86a01 elementor-section-height-min-height elementor-section-boxed elementor-section-height-default elementor-section-items-middle\" data-id=\"1ca86a01\" data-element_type=\"section\" data-settings=\"{&quot;background_background&quot;:&quot;classic&quot;}\">\n\t\t\t\t\t\t<div class=\"elementor-container elementor-column-gap-default\">\n\t\t\t\t\t<div class=\"elementor-column elementor-col-100 elementor-top-column elementor-element elementor-element-112be556\" data-id=\"112be556\" data-element_type=\"column\">\n\t\t\t<div class=\"elementor-widget-wrap elementor-element-populated\">\n\t\t\t\t\t\t\t\t<div class=\"elementor-element elementor-element-7249c09b elementor-widget elementor-widget-heading\" data-id=\"7249c09b\" data-element_type=\"widget\" data-widget_type=\"heading.default\">\n\t\t\t\t<div class=\"elementor-widget-container\">\n\t\t\t<h1 class=\"elementor-heading-title elementor-size-default\">Sobre n\u00f3s<\/h1>\t\t<\/div>\n\t\t\t\t<\/div>\n\t\t\t\t\t<\/div>\n\t\t<\/div>\n\t\t\t\t\t\t\t<\/div>\n\t\t<\/section>\n\t\t\t\t<section class=\"elementor-section elementor-top-section elementor-element elementor-element-d05c5c8 elementor-section-boxed elementor-section-height-default elementor-section-height-default\" data-id=\"d05c5c8\" data-element_type=\"section\">\n\t\t\t\t\t\t<div class=\"elementor-container elementor-column-gap-default\">\n\t\t\t\t\t<div class=\"elementor-column elementor-col-100 elementor-top-column elementor-element elementor-element-795e940\" data-id=\"795e940\" data-element_type=\"column\">\n\t\t\t<div class=\"elementor-widget-wrap elementor-element-populated\">\n\t\t\t\t\t\t\t\t<div class=\"elementor-element elementor-element-4d5987c elementor-widget elementor-widget-spacer\" data-id=\"4d5987c\" data-element_type=\"widget\" data-widget_type=\"spacer.default\">\n\t\t\t\t<div class=\"elementor-widget-container\">\n\t\t\t\t\t<div class=\"elementor-spacer\">\n\t\t\t<div class=\"elementor-spacer-inner\"><\/div>\n\t\t<\/div>\n\t\t\t\t<\/div>\n\t\t\t\t<\/div>\n\t\t\t\t\t<\/div>\n\t\t<\/div>\n\t\t\t\t\t\t\t<\/div>\n\t\t<\/section>\n\t\t\t\t<section class=\"elementor-section elementor-top-section elementor-element elementor-element-08b06d3 elementor-section-boxed elementor-section-height-default elementor-section-height-default\" data-id=\"08b06d3\" data-element_type=\"section\">\n\t\t\t\t\t\t<div class=\"elementor-container elementor-column-gap-default\">\n\t\t\t\t\t<div class=\"elementor-column elementor-col-100 elementor-top-column elementor-element elementor-element-bc3f373\" data-id=\"bc3f373\" data-element_type=\"column\">\n\t\t\t<div class=\"elementor-widget-wrap elementor-element-populated\">\n\t\t\t\t\t\t\t\t<div class=\"elementor-element elementor-element-a5e197a elementor-widget elementor-widget-heading\" data-id=\"a5e197a\" data-element_type=\"widget\" data-widget_type=\"heading.default\">\n\t\t\t\t<div class=\"elementor-widget-container\">\n\t\t\t<h2 class=\"elementor-heading-title elementor-size-default\">A NOSSA MISS\u00c3O<\/h2>\t\t<\/div>\n\t\t\t\t<\/div>\n\t\t\t\t<div class=\"elementor-element elementor-element-f6b8513 elementor-widget__width-initial elementor-widget elementor-widget-text-editor\" data-id=\"f6b8513\" data-element_type=\"widget\" data-widget_type=\"text-editor.default\">\n\t\t\t\t<div class=\"elementor-widget-container\">\n\t\t\t\t\t\t\t<p>A Ezzy English nasceu da nossa paix\u00e3o pela l\u00edngua inglesa e nossa cren\u00e7a na educa\u00e7\u00e3o. Depois de ensinar, escrever e praticar a l\u00edngua inglesa profissionalmente h\u00e1 mais de duas d\u00e9cadas, v\u00e1rias observa\u00e7\u00f5es se tornaram bastante evidentes para n\u00f3s.<\/p><p tabindex=\"1\">Em primeiro lugar, realmente entender um idioma \u00e9 muito mais ben\u00e9fico do que apenas aprend\u00ea-lo.<\/p><p tabindex=\"1\">Em segundo lugar, como humanos, somos todos capazes de entender qualquer coisa no mundo, e cada linguagem humana comunica exatamente isso \u2013 nosso mundo humano. \u00c9 exatamente por isso que todos n\u00f3s temos a capacidade de entender qualquer coisa em qualquer idioma.<\/p><p tabindex=\"1\">E, finalmente, apesar de todas as suas complexidades, exce\u00e7\u00f5es e originalidades, idiomas s\u00e3o naturais e f\u00e1ceis para os humanos. Afinal, usamos pelo menos um deles com muita efici\u00eancia, n\u00e3o \u00e9?<\/p><p tabindex=\"1\">Nosso objetivo na Ezzy English \u00e9 desenvolver cursos e materiais que ajudem a adotar e abra\u00e7ar o idioma ingl\u00eas como \u201cseu pr\u00f3prio\u201d.<\/p><p tabindex=\"1\">\u00a0<\/p>\t\t\t\t\t\t<\/div>\n\t\t\t\t<\/div>\n\t\t\t\t\t<\/div>\n\t\t<\/div>\n\t\t\t\t\t\t\t<\/div>\n\t\t<\/section>\n\t\t\t\t<section class=\"elementor-section elementor-top-section elementor-element elementor-element-b7cf01d elementor-section-boxed elementor-section-height-default elementor-section-height-default\" data-id=\"b7cf01d\" data-element_type=\"section\">\n\t\t\t\t\t\t<div class=\"elementor-container elementor-column-gap-default\">\n\t\t\t\t\t<div class=\"elementor-column elementor-col-100 elementor-top-column elementor-element elementor-element-96d1904\" data-id=\"96d1904\" data-element_type=\"column\">\n\t\t\t<div class=\"elementor-widget-wrap elementor-element-populated\">\n\t\t\t\t\t\t\t\t<div class=\"elementor-element elementor-element-58df976 elementor-widget elementor-widget-spacer\" data-id=\"58df976\" data-element_type=\"widget\" data-widget_type=\"spacer.default\">\n\t\t\t\t<div class=\"elementor-widget-container\">\n\t\t\t\t\t<div class=\"elementor-spacer\">\n\t\t\t<div class=\"elementor-spacer-inner\"><\/div>\n\t\t<\/div>\n\t\t\t\t<\/div>\n\t\t\t\t<\/div>\n\t\t\t\t\t<\/div>\n\t\t<\/div>\n\t\t\t\t\t\t\t<\/div>\n\t\t<\/section>\n\t\t\t\t<section class=\"elementor-section elementor-top-section elementor-element elementor-element-e961dbf elementor-section-height-min-height elementor-section-items-top elementor-section-boxed elementor-section-height-default\" data-id=\"e961dbf\" data-element_type=\"section\" data-settings=\"{&quot;background_background&quot;:&quot;classic&quot;}\">\n\t\t\t\t\t\t\t<div class=\"elementor-background-overlay\"><\/div>\n\t\t\t\t\t\t\t<div class=\"elementor-container elementor-column-gap-default\">\n\t\t\t\t\t<div class=\"elementor-column elementor-col-100 elementor-top-column elementor-element elementor-element-b8d629d\" data-id=\"b8d629d\" data-element_type=\"column\">\n\t\t\t<div class=\"elementor-widget-wrap elementor-element-populated\">\n\t\t\t\t\t\t\t\t<div class=\"elementor-element elementor-element-c4339ef elementor-widget elementor-widget-heading\" data-id=\"c4339ef\" data-element_type=\"widget\" data-widget_type=\"heading.default\">\n\t\t\t\t<div class=\"elementor-widget-container\">\n\t\t\t<h2 class=\"elementor-heading-title elementor-size-default\">Estamos aqui para ajud\u00e1-lo em sua jornada de ingl\u00eas<br><\/h2>\t\t<\/div>\n\t\t\t\t<\/div>\n\t\t\t\t<div class=\"elementor-element elementor-element-b1a8d5d elementor-widget elementor-widget-text-editor\" data-id=\"b1a8d5d\" data-element_type=\"widget\" data-widget_type=\"text-editor.default\">\n\t\t\t\t<div class=\"elementor-widget-container\">\n\t\t\t\t\t\t\t<p>ezzy english<\/p>\t\t\t\t\t\t<\/div>\n\t\t\t\t<\/div>\n\t\t\t\t\t<\/div>\n\t\t<\/div>\n\t\t\t\t\t\t\t<\/div>\n\t\t<\/section>\n\t\t\t\t<section class=\"elementor-section elementor-top-section elementor-element elementor-element-c776d53 elementor-section-boxed elementor-section-height-default elementor-section-height-default\" data-id=\"c776d53\" data-element_type=\"section\">\n\t\t\t\t\t\t<div class=\"elementor-container elementor-column-gap-default\">\n\t\t\t\t\t<div class=\"elementor-column elementor-col-100 elementor-top-column elementor-element elementor-element-74f2d40\" data-id=\"74f2d40\" data-element_type=\"column\">\n\t\t\t<div class=\"elementor-widget-wrap elementor-element-populated\">\n\t\t\t\t\t\t\t\t<section class=\"elementor-section elementor-inner-section elementor-element elementor-element-4e22e35 elementor-section-boxed elementor-section-height-default elementor-section-height-default\" data-id=\"4e22e35\" data-element_type=\"section\">\n\t\t\t\t\t\t<div class=\"elementor-container elementor-column-gap-default\">\n\t\t\t\t\t<div class=\"elementor-column elementor-col-100 elementor-top-column elementor-element elementor-element-d5f70be\" data-id=\"d5f70be\" data-element_type=\"column\">\n\t\t\t<div class=\"elementor-widget-wrap\">\n\t\t\t\t\t\t\t\t\t<\/div>\n\t\t<\/div>\n\t\t\t\t<div class=\"elementor-column elementor-col-100 elementor-top-column elementor-element elementor-element-d6cc7cf\" data-id=\"d6cc7cf\" data-element_type=\"column\">\n\t\t\t<div class=\"elementor-widget-wrap\">\n\t\t\t\t\t\t\t\t\t<\/div>\n\t\t<\/div>\n\t\t\t\t\t\t\t<\/div>\n\t\t<\/section>\n\t\t\t\t\t<\/div>\n\t\t<\/div>\n\t\t\t\t\t\t\t<\/div>\n\t\t<\/section>\n\t\t\t\t<section class=\"elementor-section elementor-top-section elementor-element elementor-element-c46560f elementor-section-boxed elementor-section-height-default elementor-section-height-default\" data-id=\"c46560f\" data-element_type=\"section\">\n\t\t\t\t\t\t<div class=\"elementor-container elementor-column-gap-default\">\n\t\t\t\t\t<div class=\"elementor-column elementor-col-33 elementor-top-column elementor-element elementor-element-81e8bd1\" data-id=\"81e8bd1\" data-element_type=\"column\">\n\t\t\t<div class=\"elementor-widget-wrap elementor-element-populated\">\n\t\t\t\t\t\t\t\t<div class=\"elementor-element elementor-element-62f2a8e elementor-widget elementor-widget-text-editor\" data-id=\"62f2a8e\" data-element_type=\"widget\" data-widget_type=\"text-editor.default\">\n\t\t\t\t<div class=\"elementor-widget-container\">\n\t\t\t\t\t\t\t<p><strong>POR QUE<\/strong><\/p><p><strong>'INGL\u00caS'?<\/strong><\/p>\t\t\t\t\t\t<\/div>\n\t\t\t\t<\/div>\n\t\t\t\t<div class=\"elementor-element elementor-element-b6e6f5e elementor-widget elementor-widget-text-editor\" data-id=\"b6e6f5e\" data-element_type=\"widget\" data-widget_type=\"text-editor.default\">\n\t\t\t\t<div class=\"elementor-widget-container\">\n\t\t\t\t\t\t\t<p><span style=\"font-family: inherit; font-size: 1rem;\">Vivemos e respiramos idiomas, mas nos especializamos naquele conhecido como \u2018ingl\u00eas\u2019.<\/span><\/p><p>Temos estado envolvidos com isso em salas de aula, nas salas de escritores, no teatro e no cinema. Lemos, escrevemos, atuamos, ensinamos.<\/p><p>Acima de tudo, tivemos a sorte de seguir nossa paix\u00e3o e explorar o ingl\u00eas em v\u00e1rias plataformas e meios. Mal sab\u00edamos que isso nos levaria at\u00e9 aqui.<\/p><p>Ol\u00e1 Ezzy English\u00a0<\/p>\t\t\t\t\t\t<\/div>\n\t\t\t\t<\/div>\n\t\t\t\t\t<\/div>\n\t\t<\/div>\n\t\t\t\t<div class=\"elementor-column elementor-col-33 elementor-top-column elementor-element elementor-element-c19e540\" data-id=\"c19e540\" data-element_type=\"column\">\n\t\t\t<div class=\"elementor-widget-wrap elementor-element-populated\">\n\t\t\t\t\t\t\t\t<div class=\"elementor-element elementor-element-2a02c95 elementor-widget elementor-widget-text-editor\" data-id=\"2a02c95\" data-element_type=\"widget\" data-widget_type=\"text-editor.default\">\n\t\t\t\t<div class=\"elementor-widget-container\">\n\t\t\t\t\t\t\t<p><b>POR QUE<\/b><\/p><p><b>LINGUAGEM?<\/b><\/p>\t\t\t\t\t\t<\/div>\n\t\t\t\t<\/div>\n\t\t\t\t<div class=\"elementor-element elementor-element-3ef47c8 elementor-widget elementor-widget-text-editor\" data-id=\"3ef47c8\" data-element_type=\"widget\" data-widget_type=\"text-editor.default\">\n\t\t\t\t<div class=\"elementor-widget-container\">\n\t\t\t\t\t\t\t<p style=\"font-family: Montserrat, sans-serif;\">O que a linguagem significa para n\u00f3s?<\/p><p style=\"font-family: Montserrat, sans-serif;\">Sonhamos, crescemos, aprendemos, realizamos, compartilhamos. Nada disso seria poss\u00edvel sem uma linguagem. Literalmente tudo o que sabemos (ou n\u00e3o) sobre o mundo s\u00f3 \u00e9 poss\u00edvel devido \u00e0 nossa capacidade de nos comunicarmos por meio da linguagem. \u00c9 por isso que consideramos a \u201clinguagem\u201d a revolu\u00e7\u00e3o mais significativa da humanidade.<\/p>\t\t\t\t\t\t<\/div>\n\t\t\t\t<\/div>\n\t\t\t\t\t<\/div>\n\t\t<\/div>\n\t\t\t\t<div class=\"elementor-column elementor-col-33 elementor-top-column elementor-element elementor-element-492910e\" data-id=\"492910e\" data-element_type=\"column\">\n\t\t\t<div class=\"elementor-widget-wrap elementor-element-populated\">\n\t\t\t\t\t\t\t\t<div class=\"elementor-element elementor-element-50d2b53 elementor-widget elementor-widget-text-editor\" data-id=\"50d2b53\" data-element_type=\"widget\" data-widget_type=\"text-editor.default\">\n\t\t\t\t<div class=\"elementor-widget-container\">\n\t\t\t\t\t\t\t<p><b>QUAL \u00c9 O NOSSO<\/b><\/p><p><b>SEGREDO?<\/b><\/p>\t\t\t\t\t\t<\/div>\n\t\t\t\t<\/div>\n\t\t\t\t<div class=\"elementor-element elementor-element-dfb47eb elementor-widget elementor-widget-text-editor\" data-id=\"dfb47eb\" data-element_type=\"widget\" data-widget_type=\"text-editor.default\">\n\t\t\t\t<div class=\"elementor-widget-container\">\n\t\t\t\t\t\t\t<p>A receita \u00e9 bem simples.<\/p><p class=\" translation-block\">N\u00f3s pegamos a sua habilidade para o idioma e a sua compreens\u00e3o do mundo, e misturamos com o nosso conhecimento acad\u00eamico e experi\u00eancia de ensino em todos os n\u00edveis e tipos de cursos. Depois disso, adicionamos um pouco mais de experi\u00eancia da qual adquirimos ao projetar muitos cursos especializados. Por fim, completamos tudo com alguma experi\u00eancia de \u201ctrabalhar com a linguagem\u201d nos mundos criativos do teatro, cinema e televis\u00e3o\u2026 e<\/p><p>Isso \u00e9 tudo.<\/p>\t\t\t\t\t\t<\/div>\n\t\t\t\t<\/div>\n\t\t\t\t\t<\/div>\n\t\t<\/div>\n\t\t\t\t\t\t\t<\/div>\n\t\t<\/section>\n\t\t\t\t<section class=\"elementor-section elementor-top-section elementor-element elementor-element-23edaaa elementor-section-height-min-height elementor-section-items-top elementor-section-boxed elementor-section-height-default\" data-id=\"23edaaa\" data-element_type=\"section\" data-settings=\"{&quot;background_background&quot;:&quot;classic&quot;}\">\n\t\t\t\t\t\t\t<div class=\"elementor-background-overlay\"><\/div>\n\t\t\t\t\t\t\t<div class=\"elementor-container elementor-column-gap-default\">\n\t\t\t\t\t<div class=\"elementor-column elementor-col-100 elementor-top-column elementor-element elementor-element-74d5136\" data-id=\"74d5136\" data-element_type=\"column\">\n\t\t\t<div class=\"elementor-widget-wrap\">\n\t\t\t\t\t\t\t\t\t<\/div>\n\t\t<\/div>\n\t\t\t\t\t\t\t<\/div>\n\t\t<\/section>\n\t\t\t\t\t\t\t<\/div>","protected":false},"excerpt":{"rendered":"<p>About us OUR MISSION Ezzy English was born out of our passion for the English language and our belief in education. After teaching, writing, and performing language professionally for over two decades now, several observations have become quite evident to us. Firstly, truly understanding language is far more beneficial than just learning it. Secondly, as [&hellip;]<\/p>","protected":false},"author":1,"featured_media":0,"parent":0,"menu_order":0,"comment_status":"closed","ping_status":"closed","template":"","meta":{"om_disable_all_campaigns":false,"_mi_skip_tracking":false},"_links":{"self":[{"href":"https:\/\/ezzyenglish.com\/pt\/wp-json\/wp\/v2\/pages\/442"}],"collection":[{"href":"https:\/\/ezzyenglish.com\/pt\/wp-json\/wp\/v2\/pages"}],"about":[{"href":"https:\/\/ezzyenglish.com\/pt\/wp-json\/wp\/v2\/types\/page"}],"author":[{"embeddable":true,"href":"https:\/\/ezzyenglish.com\/pt\/wp-json\/wp\/v2\/users\/1"}],"replies":[{"embeddable":true,"href":"https:\/\/ezzyenglish.com\/pt\/wp-json\/wp\/v2\/comments?post=442"}],"version-history":[{"count":3,"href":"https:\/\/ezzyenglish.com\/pt\/wp-json\/wp\/v2\/pages\/442\/revisions"}],"predecessor-version":[{"id":1773,"href":"https:\/\/ezzyenglish.com\/pt\/wp-json\/wp\/v2\/pages\/442\/revisions\/1773"}],"wp:attachment":[{"href":"https:\/\/ezzyenglish.com\/pt\/wp-json\/wp\/v2\/media?parent=442"}],"curies":[{"name":"wp","href":"https:\/\/api.w.org\/{rel}","templated":true}]}}